{"id":306,"date":"2022-02-15T16:39:15","date_gmt":"2022-02-15T16:39:15","guid":{"rendered":"https:\/\/weber.org.es\/cursos\/?page_id=306"},"modified":"2023-06-12T10:33:09","modified_gmt":"2023-06-12T10:33:09","slug":"aviso-legal-y-condiciones-de-uso","status":"publish","type":"page","link":"https:\/\/weber.org.es\/cursos\/aviso-legal-y-condiciones-de-uso\/","title":{"rendered":"Aviso legal"},"content":{"rendered":"<h1>Aviso legal<\/h1>\n<p><a href=\"mailto:weber@weber.org.es\">weber@weber.org.es<\/a>\u00a0es un dominio propiedad de Fundaci\u00f3n Weber. Su principal objetivo es facilitar a los clientes y al p\u00fablico en general, la informaci\u00f3n relativa a la empresa, as\u00ed como a los productos y servicios que se ofrecen.<br \/>\nFundaci\u00f3n Weber est\u00e1 domiciliada en C\/ Moreto, 17, 28014 Madrid, con CIF G-87.880.803. Tel\u00e9fono 91 639 38 24. Mail de contacto:\u00a0<a href=\"mailto:weber@weber.org.es\">weber@weber.org.es<\/a><\/p>\n<p><strong>CONDICIONES DE USO<\/strong><\/p>\n<p>Las condiciones de acceso y uso del presente sitio web se rigen por la legalidad vigente y por el principio de buena fe comprometi\u00e9ndose el usuario a realizar un buen uso de la web. No se permiten conductas que vayan contra la ley, los derechos o intereses de terceros.<br \/>\nSer usuario de esta web implica que reconoce haber le\u00eddo y aceptado las presentes condiciones y lo que las extienda la normativa legal aplicable en esta materia. Si, por el motivo que fuere, no estuviera de acuerdo con estas condiciones no contin\u00fae usando esta web.<\/p>\n<p><strong>RESPONSABILIDADES<\/strong><\/p>\n<p>Fundaci\u00f3n Weber no se hace responsable de la informaci\u00f3n y contenidos almacenados en foros, redes sociales o cualquier otro medio que permita a terceros publicar contenidos de forma independiente en la p\u00e1gina web del prestador.<br \/>\nSin embargo, teniendo en cuenta los art. 11 y 16 de la LSSI-CE, Fundaci\u00f3n Weber se compromete a la retirada o en su caso bloqueo de aquellos contenidos que pudieran afectar o contravenir la legislaci\u00f3n nacional o internacional, derechos de terceros o la moral y el orden p\u00fablico.<\/p>\n<p>Tampoco la empresa se responsabilizar\u00e1 de los da\u00f1os y perjuicios que se produzcan por fallos o malas configuraciones del software instalado en el ordenador del internauta. Se excluye toda responsabilidad por alguna incidencia t\u00e9cnica o fallo que se produzca cuando el usuario se conecte a internet. Igualmente, no se garantiza la inexistencia de interrupciones o errores en el acceso al sitio web.<br \/>\nAs\u00ed mismo, Fundaci\u00f3n Weber se reserva el derecho a actualizar, modificar o eliminar la informaci\u00f3n contenida en su p\u00e1gina web, as\u00ed como la configuraci\u00f3n o presentaci\u00f3n del mismo, en cualquier momento sin asumir alguna responsabilidad por ello.<\/p>\n<p><strong>PROPIEDAD INTELECTUAL E INDUSTRIAL<\/strong><\/p>\n<p>Fundaci\u00f3n Weber es titular de todos los derechos sobre el software de la publicaci\u00f3n digital as\u00ed como de los derechos de propiedad industrial e intelectual referidos a los contenidos que se incluyan, a excepci\u00f3n de los derechos sobre productos y servicios de car\u00e1cter p\u00fablico que no son propiedad de esta empresa.<\/p>\n<p>Ning\u00fan material publicado en esta web podr\u00e1 ser reproducido, copiado o publicado sin el consentimiento de Fundaci\u00f3n Weber.<br \/>\nTodos los productos y servicios de estas p\u00e1ginas que NO son propiedad de Fundaci\u00f3n Weber son marcas registradas de sus respectivos propietarios y son reconocidas como tales por nuestra empresa. Solamente aparecen en la web a efectos de promoci\u00f3n y de recopilaci\u00f3n de informaci\u00f3n. Estos propietarios pueden solicitar la modificaci\u00f3n o eliminaci\u00f3n de la informaci\u00f3n que les pertenece.<\/p>\n<p><strong>LEY APLICABLE Y JURISDICCI\u00d3N<\/strong><\/p>\n<p>Las presentes condiciones generales se rigen por la legislaci\u00f3n espa\u00f1ola. Para cualquier litigio que pudiera surgir relacionado con el sitio web o la actividad que en \u00e9l se desarrolla ser\u00e1n competentes Juzgados de Espa\u00f1a, renunciando expresamente el usuario a cualquier otro fuero que pudiera corresponderle.<\/p>\n","protected":false},"excerpt":{"rendered":"<p>Aviso legal weber@weber.org.es\u00a0es un dominio propiedad de Fundaci\u00f3n Weber. Su principal objetivo es facilitar a los clientes y al p\u00fablico en general, la informaci\u00f3n relativa a la empresa, as\u00ed como a los productos y servicios que se ofrecen. Fundaci\u00f3n Weber est\u00e1 domiciliada en C\/ Moreto, 17, 28014 Madrid, con CIF G-87.880.803. Tel\u00e9fono 91 639 38 [&#8230;]\n","protected":false},"author":3,"featured_media":0,"parent":0,"menu_order":0,"comment_status":"closed","ping_status":"closed","template":"","meta":{"_acf_changed":false,"footnotes":""},"class_list":["post-306","page","type-page","status-publish","hentry"],"acf":[],"_links":{"self":[{"href":"https:\/\/weber.org.es\/cursos\/wp-json\/wp\/v2\/pages\/306","targetHints":{"allow":["GET"]}}],"collection":[{"href":"https:\/\/weber.org.es\/cursos\/wp-json\/wp\/v2\/pages"}],"about":[{"href":"https:\/\/weber.org.es\/cursos\/wp-json\/wp\/v2\/types\/page"}],"author":[{"embeddable":true,"href":"https:\/\/weber.org.es\/cursos\/wp-json\/wp\/v2\/users\/3"}],"replies":[{"embeddable":true,"href":"https:\/\/weber.org.es\/cursos\/wp-json\/wp\/v2\/comments?post=306"}],"version-history":[{"count":6,"href":"https:\/\/weber.org.es\/cursos\/wp-json\/wp\/v2\/pages\/306\/revisions"}],"predecessor-version":[{"id":944,"href":"https:\/\/weber.org.es\/cursos\/wp-json\/wp\/v2\/pages\/306\/revisions\/944"}],"wp:attachment":[{"href":"https:\/\/weber.org.es\/cursos\/wp-json\/wp\/v2\/media?parent=306"}],"curies":[{"name":"wp","href":"https:\/\/api.w.org\/{rel}","templated":true}]}}