{"id":311,"date":"2022-02-15T16:45:40","date_gmt":"2022-02-15T16:45:40","guid":{"rendered":"https:\/\/weber.org.es\/cursos\/?page_id=311"},"modified":"2023-06-06T11:29:52","modified_gmt":"2023-06-06T11:29:52","slug":"politica-de-privacidad","status":"publish","type":"page","link":"https:\/\/weber.org.es\/cursos\/politica-de-privacidad\/","title":{"rendered":"Pol\u00edtica de privacidad"},"content":{"rendered":"<h1>Pol\u00edtica de privacidad<\/h1>\n<p>Fundaci\u00f3n Weber (en adelante, el Responsable) garantiza el cumplimiento de la normativa vigente en materia de protecci\u00f3n de datos personales, reflejada en la Ley Org\u00e1nica 3\/2018, de 5 de diciembre, de Protecci\u00f3n de Datos Personales y de Garant\u00eda de Derechos Digitales (en adelante, LOPDGDD), y en el Reglamento (UE) 2016\/679 del Parlamento Europeo y del Consejo de 27 de abril de 2016 relativo a la Protecci\u00f3n de Datos Personales (en adelante, RGPD).<\/p>\n<p>El uso del sitio Web implica la aceptaci\u00f3n de esta Pol\u00edtica de Privacidad, as\u00ed como de las condiciones incluidas en el Aviso Legal.<\/p>\n<p><strong>Identidad del responsable<\/strong><br \/>\nFundaci\u00f3n Weber<br \/>\nNIF\/CIF: G-87.880.803<br \/>\nDomicilio: C\/ Moreto, 17, 28014 Madrid<br \/>\nCorreo electr\u00f3nico:\u00a0<a href=\"mailto:weber@weber.org.es\">weber@weber.org.es<\/a><br \/>\nSitio Web: weber.org.es<\/p>\n<p><strong>Principios aplicados en el tratamiento de datos<\/strong><\/p>\n<p>En el tratamiento de tus datos personales, el Responsable aplicar\u00e1 los siguientes principios, ajust\u00e1ndose a las exigencias del reglamento europeo de protecci\u00f3n de datos:<\/p>\n<p><em>Principio de licitud, lealtad y transparencia<\/em>: el Responsable siempre requerir\u00e1 el consentimiento para el tratamiento de los datos personales, que puede ser para uno o varios fines espec\u00edficos, sobre los que se informar\u00e1 previamente con absoluta transparencia.<\/p>\n<p><em>Principio de minimizaci\u00f3n de datos<\/em>: el Responsable solicitar\u00e1 solo los datos estrictamente necesarios para el fin o los fines para los que los solicita.<\/p>\n<p><em>Principio de limitaci\u00f3n del plazo de conservaci\u00f3n<\/em>: Los datos se mantendr\u00e1n durante el tiempo estrictamente necesario para el fin o los fines del tratamiento.<\/p>\n<p>El Responsable informar\u00e1 del plazo de conservaci\u00f3n correspondiente seg\u00fan la finalidad. En el caso de suscripciones, el Responsable revisar\u00e1 peri\u00f3dicamente las listas y eliminar\u00e1 aquellos registros inactivos durante un tiempo considerable.<br \/>\nPrincipio de integridad y confidencialidad: los datos ser\u00e1n tratados de tal manera que su seguridad, confidencialidad e integridad est\u00e9 siempre garantizada. El Responsable toma las precauciones necesarias para evitar el acceso no autorizado o uso indebido de los datos de sus usuarios por parte de terceros.<\/p>\n<p><strong>Tus derechos<\/strong><\/p>\n<p>El Responsable te informa que sobre tus datos personales tienes derecho a:<br \/>\nSolicitar el acceso a los datos almacenados.<br \/>\nSolicitar una rectificaci\u00f3n o la cancelaci\u00f3n.<br \/>\nSolicitar la limitaci\u00f3n de su tratamiento.<br \/>\nOponerte al tratamiento.<br \/>\nSolicitar la portabilidad de los datos.<\/p>\n<p>El ejercicio de estos derechos es personal y por tanto debe ser ejercido directamente por el interesado, solicit\u00e1ndolo directamente al Responsable, lo que significa que cualquier cliente, suscriptor o colaborador que haya facilitado sus datos en alg\u00fan momento puede dirigirse al Responsable y pedir informaci\u00f3n sobre los datos que tiene almacenados y sobre c\u00f3mo los ha obtenido, solicitar la rectificaci\u00f3n de los mismos, solicitar la portabilidad de sus datos personales, oponerse al tratamiento, limitar su uso o solicitar la cancelaci\u00f3n de esos datos en los ficheros del Responsable.<\/p>\n<p>Para ejercitar los derechos de acceso, rectificaci\u00f3n, cancelaci\u00f3n, portabilidad y oposici\u00f3n es necesario enviar un correo electr\u00f3nico a\u00a0<a href=\"mailto:weber@weber.org.es\">weber@weber.org.es<\/a>\u00a0junto con una copia del D.N.I. o documento equivalente.<\/p>\n<p>El titular de los datos tiene derecho a la tutela judicial efectiva y a presentar una reclamaci\u00f3n ante la autoridad de control, en este caso, la Agencia Espa\u00f1ola de Protecci\u00f3n de Datos, si considera que el tratamiento de datos personales que le conciernen infringe lo estipulado por el RGPD.<\/p>\n<p><strong>Finalidad del tratamiento de datos personales<\/strong><\/p>\n<p>Cuando te conectas al sitio Web para mandar un correo al Responsable, te suscribes a su bolet\u00edn o realizas una contrataci\u00f3n, est\u00e1s facilitando informaci\u00f3n de car\u00e1cter personal. Esta informaci\u00f3n puede incluir datos tales como tu direcci\u00f3n IP, nombre y apellidos, direcci\u00f3n f\u00edsica, direcci\u00f3n de correo electr\u00f3nico, n\u00famero de tel\u00e9fono, u otra informaci\u00f3n. Al facilitar estos datos, das tu consentimiento para que tu informaci\u00f3n sea recopilada, utilizada, gestionada y almacenada por el Responsable , s\u00f3lo como se describe en el Aviso Legal y en la presente Pol\u00edtica de Privacidad.<\/p>\n<p>Los datos personales y la finalidad del tratamiento por parte del Responsable es diferente seg\u00fan el sistema de captura de informaci\u00f3n:<\/p>\n<p>Formularios de contacto: El Responsable solicita datos personales entre los que pueden estar: Nombre y apellidos, direcci\u00f3n de correo electr\u00f3nico, n\u00famero de tel\u00e9fono y direcci\u00f3n de tu sitio Web con la finalidad de responder a tus consultas.<br \/>\nFormularios de suscripci\u00f3n a contenidos: El Responsable solicita los siguientes datos personales: Nombre y apellidos, direcci\u00f3n de correo electr\u00f3nico, n\u00famero de tel\u00e9fono y direcci\u00f3n de tu sitio web para gestionar la lista de suscripciones, enviar boletines, promociones y ofertas especiales.<\/p>\n<p>Existen otras finalidades por las que el Responsable trata tus datos personales:<\/p>\n<p>Para garantizar el cumplimiento de las condiciones recogidas en el Aviso Legal y en la ley aplicable. Esto puede incluir el desarrollo de herramientas y algoritmos que ayuden a este sitio Web a garantizar la confidencialidad de los datos personales que recoge.<\/p>\n<p>Para apoyar y mejorar los servicios que ofrece este sitio Web.<\/p>\n<p>Para analizar la navegaci\u00f3n. El Responsable recoge otros datos no identificativos que se obtienen mediante el uso de cookies que se descargan en tu ordenador cuando navegas por el sitio Web.<\/p>\n<p>Para gestionar las redes sociales. El Responsable tiene presencia en redes sociales. Si te haces seguidor en las redes sociales del Responsable, el tratamiento de los datos personales se regir\u00e1 por las condiciones de uso, pol\u00edticas de privacidad y normativas de acceso que pertenezcan a la red social que proceda en cada caso y que se haya aceptado previamente.<\/p>\n<p>El Responsable tratar\u00e1 los datos personales con la finalidad de administrar correctamente la presencia en la red social, informarte de sus actividades, productos o servicios, as\u00ed como para cualquier otra finalidad que las normativas de las redes sociales permitan.<br \/>\nEn ning\u00fan caso el Responsable utilizar\u00e1 los perfiles de seguidores en redes sociales para enviar publicidad de manera individual.<\/p>\n<p><strong>Seguridad de los datos personales<\/strong><\/p>\n<p>Para proteger los datos personales, el Responsable toma todas las precauciones razonables y sigue las mejores pr\u00e1cticas de la industria para evitar su p\u00e9rdida, mal uso, acceso indebido, divulgaci\u00f3n, alteraci\u00f3n o destrucci\u00f3n de los mismos.<br \/>\nLa seguridad de los datos est\u00e1 garantizada, ya que el alojamiento de la web toma todas las medidas de seguridad necesarias para ello.<\/p>\n<p><strong>Contenido de otros sitios web<\/strong><\/p>\n<p>Las p\u00e1ginas de este sitio Web pueden incluir contenido incrustado (por ejemplo, v\u00eddeos, im\u00e1genes, art\u00edculos, etc.). El contenido incrustado de otros sitios web se comporta exactamente de la misma manera que si los hubieras visitado directamente.<br \/>\nEstos sitios Web pueden recopilar datos sobre ti, utilizar cookies, incrustar un c\u00f3digo de seguimiento adicional de terceros, y supervisar tu interacci\u00f3n usando este c\u00f3digo.<\/p>\n<p><strong>Pol\u00edtica de Cookies<\/strong><\/p>\n<p>Para que este sitio Web funcione correctamente necesita utilizar cookies, que es una informaci\u00f3n que se almacena en tu navegador web.<\/p>\n<p>Legitimaci\u00f3n para el tratamiento de datos<\/p>\n<p>La base legal para el tratamiento de tus datos es: el consentimiento.<br \/>\nPara contactar con el Responsable, suscribirte a un bolet\u00edn o realizar comentarios en este sitio Web tienes que aceptar la presente Pol\u00edtica de Privacidad.<\/p>\n<p><strong>Categor\u00edas de datos personales<\/strong><\/p>\n<p>Las categor\u00edas de datos personales que trata el Responsable son:<br \/>\nDatos identificativos.<\/p>\n<p><strong>Conservaci\u00f3n de datos personales<\/strong><\/p>\n<p>Los datos personales que proporciones al Responsable se conservar\u00e1n hasta que solicites su supresi\u00f3n.<\/p>\n<p><strong>Navegaci\u00f3n Web<\/strong><\/p>\n<p>Al navegar por SITIO WEB se pueden recoger datos no identificativos, que pueden incluir, la direcci\u00f3n IP, geolocalizaci\u00f3n, un registro de c\u00f3mo se utilizan los servicios y sitios, h\u00e1bitos de navegaci\u00f3n y otros datos que no pueden ser utilizados para identificarte.<\/p>\n<p>El Responsable utiliza la informaci\u00f3n obtenida para obtener datos estad\u00edsticos, analizar tendencias, administrar el sitio, estudiar patrones de navegaci\u00f3n y para recopilar informaci\u00f3n demogr\u00e1fica.<\/p>\n<p><strong>Exactitud y veracidad de los datos personales<\/strong><\/p>\n<p>El titular de los datos se compromete a que los datos facilitados al Responsable sean correctos, completos, exactos y vigentes, as\u00ed como a mantenerlos debidamente actualizados.<\/p>\n<p>El usuario de la web es el \u00fanico responsable de la veracidad y correcci\u00f3n de los datos que se remiten al sitio exonerando al Responsable de cualquier responsabilidad al respecto.<\/p>\n<p><strong>Aceptaci\u00f3n y consentimiento<\/strong><\/p>\n<p>El usuario del sitio web declara haber sido informado de las condiciones sobre protecci\u00f3n de datos de car\u00e1cter personal, y consiente el tratamiento de los mismos por parte del Responsable en la forma y para las finalidades indicadas en esta Pol\u00edtica de Privacidad.<\/p>\n<p><strong>Revocabilidad<\/strong><br \/>\nPara ejercitar tus derechos de acceso, rectificaci\u00f3n, cancelaci\u00f3n, portabilidad y oposici\u00f3n es titular de los datos debe enviar un correo electr\u00f3nico a\u00a0<a href=\"mailto:weber@weber.org.es\">weber@weber.org.es<\/a>\u00a0incluyendo copia del D.N.I. o equivalente.<\/p>\n<p>El ejercicio de tus derechos no incluye ning\u00fan dato que el Responsable est\u00e9 obligado a conservar con fines administrativos, legales o de seguridad.<\/p>\n<p><strong>Cambios en la Pol\u00edtica de Privacidad<\/strong><\/p>\n<p>El Responsable se reserva el derecho a modificar la presente Pol\u00edtica de Privacidad para adaptarla a novedades legislativas o jurisprudenciales, as\u00ed como a pr\u00e1cticas de la industria.<\/p>\n<p>Estas pol\u00edticas estar\u00e1n vigentes hasta que sean modificadas por otras debidamente publicadas.<\/p>\n","protected":false},"excerpt":{"rendered":"<p>Pol\u00edtica de privacidad Fundaci\u00f3n Weber (en adelante, el Responsable) garantiza el cumplimiento de la normativa vigente en materia de protecci\u00f3n de datos personales, reflejada en la Ley Org\u00e1nica 3\/2018, de 5 de diciembre, de Protecci\u00f3n de Datos Personales y de Garant\u00eda de Derechos Digitales (en adelante, LOPDGDD), y en el Reglamento (UE) 2016\/679 del Parlamento [&#8230;]\n","protected":false},"author":3,"featured_media":0,"parent":0,"menu_order":0,"comment_status":"closed","ping_status":"closed","template":"","meta":{"_acf_changed":false,"footnotes":""},"class_list":["post-311","page","type-page","status-publish","hentry"],"acf":[],"_links":{"self":[{"href":"https:\/\/weber.org.es\/cursos\/wp-json\/wp\/v2\/pages\/311","targetHints":{"allow":["GET"]}}],"collection":[{"href":"https:\/\/weber.org.es\/cursos\/wp-json\/wp\/v2\/pages"}],"about":[{"href":"https:\/\/weber.org.es\/cursos\/wp-json\/wp\/v2\/types\/page"}],"author":[{"embeddable":true,"href":"https:\/\/weber.org.es\/cursos\/wp-json\/wp\/v2\/users\/3"}],"replies":[{"embeddable":true,"href":"https:\/\/weber.org.es\/cursos\/wp-json\/wp\/v2\/comments?post=311"}],"version-history":[{"count":7,"href":"https:\/\/weber.org.es\/cursos\/wp-json\/wp\/v2\/pages\/311\/revisions"}],"predecessor-version":[{"id":911,"href":"https:\/\/weber.org.es\/cursos\/wp-json\/wp\/v2\/pages\/311\/revisions\/911"}],"wp:attachment":[{"href":"https:\/\/weber.org.es\/cursos\/wp-json\/wp\/v2\/media?parent=311"}],"curies":[{"name":"wp","href":"https:\/\/api.w.org\/{rel}","templated":true}]}}