{"id":56,"date":"2021-11-09T17:55:23","date_gmt":"2021-11-09T17:55:23","guid":{"rendered":"https:\/\/weber.org.es\/cursos\/?page_id=56"},"modified":"2024-08-20T06:40:44","modified_gmt":"2024-08-20T06:40:44","slug":"masteres","status":"publish","type":"page","link":"https:\/\/weber.org.es\/cursos\/","title":{"rendered":"Cursos Weber"},"content":{"rendered":"\t<section class=\"section\" id=\"section_1117801193\">\n\t\t<div class=\"bg section-bg fill bg-fill  bg-loaded\" >\n\n\t\t\t\n\t\t\t\n\t\t\t\n\n\t\t<\/div>\n\n\t\t<div class=\"section-content relative\">\n\t\t\t\n<div class=\"row align-center\"  id=\"row-148812577\">\n\n\t<div id=\"col-111651798\" class=\"col medium-7 small-12 large-7\"  >\n\t\t\t\t<div class=\"col-inner text-center\"  >\n\t\t\t\n\t\t\t\n\t<div id=\"text-3446182222\" class=\"text\">\n\t\t\n<h1 style=\"font-weight: inherit;\">Cursos <span style=\"color: #494e9e;\">Weber<\/span><\/h1>\n\t\t\n<style>\n#text-3446182222 {\n  font-size: 1.25rem;\n  color: rgb(174, 174, 174);\n}\n#text-3446182222 > * {\n  color: rgb(174, 174, 174);\n}\n<\/style>\n\t<\/div>\n\t\n\t<div id=\"text-1403344796\" class=\"text\">\n\t\t\n\t\t\n<style>\n#text-1403344796 {\n  font-size: 1.2rem;\n}\n<\/style>\n\t<\/div>\n\t\n\t\t<\/div>\n\t\t\t\t\t<\/div>\n\n\t\n<\/div>\n<div class=\"row align-equal row-box-shadow-1-hover\"  id=\"row-1159798544\">\n\n\t<div id=\"col-1578134972\" class=\"col alto-columnas medium-4 small-12 large-4\"  >\n\t\t\t\t<div class=\"col-inner\" style=\"background-color:rgba(71, 77, 164, 0.047);\" >\n\t\t\t\n\t\t\t\n\t<div class=\"box has-hover   has-hover box-shade dark box-text-bottom\" >\n\n\t\t<div class=\"box-image\" >\n\t\t\t<a href=\"https:\/\/weber.org.es\/cursos\/producto\/gestion-clinica-por-procesos-integrados\/\"  >\t\t\t<div class=\"image-cover\" style=\"padding-top:65%;\">\n\t\t\t\t<img loading=\"lazy\" decoding=\"async\" width=\"2560\" height=\"1255\" src=\"https:\/\/weber.org.es\/cursos\/wp-content\/uploads\/2021\/07\/curso-1-scaled.jpg\" class=\"attachment- size-\" alt=\"\" srcset=\"https:\/\/weber.org.es\/cursos\/wp-content\/uploads\/2021\/07\/curso-1-scaled.jpg 2560w, https:\/\/weber.org.es\/cursos\/wp-content\/uploads\/2021\/07\/curso-1-300x147.jpg 300w, https:\/\/weber.org.es\/cursos\/wp-content\/uploads\/2021\/07\/curso-1-1024x502.jpg 1024w, https:\/\/weber.org.es\/cursos\/wp-content\/uploads\/2021\/07\/curso-1-768x376.jpg 768w, https:\/\/weber.org.es\/cursos\/wp-content\/uploads\/2021\/07\/curso-1-1536x753.jpg 1536w, https:\/\/weber.org.es\/cursos\/wp-content\/uploads\/2021\/07\/curso-1-2048x1004.jpg 2048w, https:\/\/weber.org.es\/cursos\/wp-content\/uploads\/2021\/07\/curso-1-510x250.jpg 510w\" sizes=\"auto, (max-width: 2560px) 100vw, 2560px\" \/>\t\t\t\t\t\t\t\t<div class=\"shade\"><\/div>\t\t\t<\/div>\n\t\t\t<\/a>\t\t<\/div>\n\n\t\t<div class=\"box-text show-on-hover hover-bounce text-left\" >\n\t\t\t<div class=\"box-text-inner\">\n\t\t\t\t\n\t\t\t<\/div>\n\t\t<\/div>\n\t<\/div>\n\t\n\t<div id=\"gap-663144923\" class=\"gap-element clearfix\" style=\"display:block; height:auto;\">\n\t\t\n<style>\n#gap-663144923 {\n  padding-top: 20px;\n}\n<\/style>\n\t<\/div>\n\t\n\t<div id=\"text-2647144268\" class=\"text\">\n\t\t\n<h4><span style=\"font-size: 100%;\"><a href=\"https:\/\/weber.org.es\/cursos\/producto\/gestion-clinica-por-procesos-integrados\/\">Gesti\u00f3n Cl\u00ednica por procesos integrados<\/a><\/span><\/h4>\n\t\t\n<style>\n#text-2647144268 {\n  font-size: 1.1rem;\n}\n<\/style>\n\t<\/div>\n\t\n<div class=\"row row-collapse\"  id=\"row-1092634089\">\n\n\t<div id=\"col-1798016557\" class=\"col small-12 large-12\"  >\n\t\t\t\t<div class=\"col-inner\"  >\n\t\t\t\n\t\t\t\n\n\t\t<div class=\"icon-box featured-box icon-box-left text-left is-small\"  >\n\t\t\t\t\t<div class=\"icon-box-img\" style=\"width: 26px\">\n\t\t\t\t<div class=\"icon\">\n\t\t\t\t\t<div class=\"icon-inner\" >\n\t\t\t\t\t\t<img loading=\"lazy\" decoding=\"async\" width=\"300\" height=\"300\" src=\"https:\/\/weber.org.es\/cursos\/wp-content\/uploads\/2023\/06\/atras-en-el-tiempo-300x300.png\" class=\"attachment-medium size-medium\" alt=\"\" srcset=\"https:\/\/weber.org.es\/cursos\/wp-content\/uploads\/2023\/06\/atras-en-el-tiempo-300x300.png 300w, https:\/\/weber.org.es\/cursos\/wp-content\/uploads\/2023\/06\/atras-en-el-tiempo-150x150.png 150w, https:\/\/weber.org.es\/cursos\/wp-content\/uploads\/2023\/06\/atras-en-el-tiempo-510x510.png 510w, https:\/\/weber.org.es\/cursos\/wp-content\/uploads\/2023\/06\/atras-en-el-tiempo-100x100.png 100w, https:\/\/weber.org.es\/cursos\/wp-content\/uploads\/2023\/06\/atras-en-el-tiempo.png 512w\" sizes=\"auto, (max-width: 300px) 100vw, 300px\" \/>\t\t\t\t\t<\/div>\n\t\t\t\t<\/div>\n\t\t\t<\/div>\n\t\t\t\t<div class=\"icon-box-text last-reset\">\n\t\t\t\t\t\t\t\t\t\n\t<div id=\"text-3147819550\" class=\"text\">\n\t\t\n<p style=\"font-weight: bold;\">90 horas<\/p>\n\t\t\n<style>\n#text-3147819550 {\n  font-size: 1.05rem;\n  line-height: 1.8;\n  text-align: left;\n  color: rgb(0,0,0);\n}\n#text-3147819550 > * {\n  color: rgb(0,0,0);\n}\n<\/style>\n\t<\/div>\n\t\n\t\t<\/div>\n\t<\/div>\n\t\n\t\n\t\t<\/div>\n\t\t\t\t\t<\/div>\n\n\t\n<\/div>\n\t<div id=\"gap-358781439\" class=\"gap-element clearfix\" style=\"display:block; height:auto;\">\n\t\t\n<style>\n#gap-358781439 {\n  padding-top: 10px;\n}\n<\/style>\n\t<\/div>\n\t\n\t<div id=\"gap-933954417\" class=\"gap-element clearfix\" style=\"display:block; height:auto;\">\n\t\t\n<style>\n#gap-933954417 {\n  padding-top: 10px;\n}\n<\/style>\n\t<\/div>\n\t\n\t<div id=\"text-2029734232\" class=\"text\">\n\t\t\n<p style=\"text-align: left;\">El objetivo principal es capacitar a los estudiantes en un modelo de innovaci\u00f3n para el dise\u00f1o, despliegue y mejora continua en la gesti\u00f3n de procesos cl\u00ednicos integrados.<\/p>\n\t\t\n<style>\n#text-2029734232 {\n  font-size: 0.95rem;\n}\n<\/style>\n\t<\/div>\n\t\n<a href=\"https:\/\/weber.org.es\/cursos\/producto\/gestion-clinica-por-procesos-integrados\/\" target=\"_self\" class=\"button primary\"  >\n    <span>Ver Curso<\/span>\n  <i class=\"icon-angle-right\" ><\/i><\/a>\n\n<a rel=\"noopener noreferrer\" href=\"https:\/\/weber.org.es\/cursos\/wp-content\/uploads\/2023\/06\/Curso-Gestion-Clinica_-2-edicion_actualizado.pdf\" target=\"_blank\" class=\"button primary is-underline is-smaller\"  >\n    <span>Descargar PDF<\/span>\n  <\/a>\n\n\t\t<\/div>\n\t\t\t\t\t<\/div>\n\n\t\n\n\t<div id=\"col-2100396689\" class=\"col medium-4 small-12 large-4\"  >\n\t\t\t\t<div class=\"col-inner\" style=\"background-color:rgba(71, 77, 164, 0.047);\" >\n\t\t\t\n\t\t\t\n\t<div class=\"box has-hover   has-hover box-shade dark box-text-bottom\" >\n\n\t\t<div class=\"box-image\" >\n\t\t\t<a href=\"https:\/\/weber.org.es\/cursos\/producto\/curso-acceso-al-mercado-modelos-de-impacto-presupuestario\/\"  >\t\t\t<div class=\"image-cover\" style=\"padding-top:65%;\">\n\t\t\t\t<img loading=\"lazy\" decoding=\"async\" width=\"896\" height=\"648\" src=\"https:\/\/weber.org.es\/cursos\/wp-content\/uploads\/2023\/06\/Portada.jpg\" class=\"attachment- size-\" alt=\"\" srcset=\"https:\/\/weber.org.es\/cursos\/wp-content\/uploads\/2023\/06\/Portada.jpg 896w, https:\/\/weber.org.es\/cursos\/wp-content\/uploads\/2023\/06\/Portada-300x217.jpg 300w, https:\/\/weber.org.es\/cursos\/wp-content\/uploads\/2023\/06\/Portada-768x555.jpg 768w, https:\/\/weber.org.es\/cursos\/wp-content\/uploads\/2023\/06\/Portada-510x369.jpg 510w\" sizes=\"auto, (max-width: 896px) 100vw, 896px\" \/>\t\t\t\t\t\t\t\t<div class=\"shade\"><\/div>\t\t\t<\/div>\n\t\t\t<\/a>\t\t<\/div>\n\n\t\t<div class=\"box-text show-on-hover hover-bounce text-left\" >\n\t\t\t<div class=\"box-text-inner\">\n\t\t\t\t\n\t\t\t<\/div>\n\t\t<\/div>\n\t<\/div>\n\t\n\t<div id=\"gap-480186109\" class=\"gap-element clearfix\" style=\"display:block; height:auto;\">\n\t\t\n<style>\n#gap-480186109 {\n  padding-top: 20px;\n}\n<\/style>\n\t<\/div>\n\t\n\t<div id=\"text-3502411043\" class=\"text\">\n\t\t\n<h4><span style=\"font-size: 100%;\"><a href=\"https:\/\/weber.org.es\/cursos\/producto\/curso-acceso-al-mercado-modelos-de-impacto-presupuestario\/\">Acceso al mercado: Modelos de impacto presupuestario<\/a><\/span><\/h4>\n\t\t\n<style>\n#text-3502411043 {\n  font-size: 1.1rem;\n}\n<\/style>\n\t<\/div>\n\t\n<div class=\"row row-collapse\"  id=\"row-274646145\">\n\n\t<div id=\"col-2032324356\" class=\"col small-12 large-12\"  >\n\t\t\t\t<div class=\"col-inner\"  >\n\t\t\t\n\t\t\t\n\n\t\t<div class=\"icon-box featured-box icon-box-left text-left is-small\"  >\n\t\t\t\t\t<div class=\"icon-box-img\" style=\"width: 26px\">\n\t\t\t\t<div class=\"icon\">\n\t\t\t\t\t<div class=\"icon-inner\" >\n\t\t\t\t\t\t<img loading=\"lazy\" decoding=\"async\" width=\"300\" height=\"300\" src=\"https:\/\/weber.org.es\/cursos\/wp-content\/uploads\/2023\/06\/atras-en-el-tiempo-300x300.png\" class=\"attachment-medium size-medium\" alt=\"\" srcset=\"https:\/\/weber.org.es\/cursos\/wp-content\/uploads\/2023\/06\/atras-en-el-tiempo-300x300.png 300w, https:\/\/weber.org.es\/cursos\/wp-content\/uploads\/2023\/06\/atras-en-el-tiempo-150x150.png 150w, https:\/\/weber.org.es\/cursos\/wp-content\/uploads\/2023\/06\/atras-en-el-tiempo-510x510.png 510w, https:\/\/weber.org.es\/cursos\/wp-content\/uploads\/2023\/06\/atras-en-el-tiempo-100x100.png 100w, https:\/\/weber.org.es\/cursos\/wp-content\/uploads\/2023\/06\/atras-en-el-tiempo.png 512w\" sizes=\"auto, (max-width: 300px) 100vw, 300px\" \/>\t\t\t\t\t<\/div>\n\t\t\t\t<\/div>\n\t\t\t<\/div>\n\t\t\t\t<div class=\"icon-box-text last-reset\">\n\t\t\t\t\t\t\t\t\t\n\t<div id=\"text-1569174332\" class=\"text\">\n\t\t\n<p style=\"font-weight: bold;\">20 horas<\/p>\n\t\t\n<style>\n#text-1569174332 {\n  font-size: 1.05rem;\n  line-height: 1.8;\n  text-align: left;\n  color: rgb(0,0,0);\n}\n#text-1569174332 > * {\n  color: rgb(0,0,0);\n}\n<\/style>\n\t<\/div>\n\t\n\t\t<\/div>\n\t<\/div>\n\t\n\t\n\t\t<\/div>\n\t\t\t\t\t<\/div>\n\n\t\n<\/div>\n\t<div id=\"gap-1437329876\" class=\"gap-element clearfix\" style=\"display:block; height:auto;\">\n\t\t\n<style>\n#gap-1437329876 {\n  padding-top: 10px;\n}\n<\/style>\n\t<\/div>\n\t\n\t<div id=\"text-1040568517\" class=\"text\">\n\t\t\n<p>El objetivo principal es ofrecer a los profesionales de la administraci\u00f3n p\u00fablica del Servicio Nacional de Salud, la posibilidad de conocer las experiencias de la evaluaci\u00f3n econ\u00f3mica aplicada a tratamientos de \u00e1reas terap\u00e9uticas de su inter\u00e9s, as\u00ed como difundir la importancia real del manejo de conceptos relacionados con impacto presupuestario y su aplicaci\u00f3n en el panorama actual del SNS.<br \/>\n\t\t\n<style>\n#text-1040568517 {\n  font-size: 0.95rem;\n}\n<\/style>\n\t<\/div>\n\t\n<a href=\"https:\/\/weber.org.es\/cursos\/producto\/curso-acceso-al-mercado-modelos-de-impacto-presupuestario\/\" target=\"_self\" class=\"button primary\"  >\n    <span>Ver Curso<\/span>\n  <i class=\"icon-angle-right\" ><\/i><\/a>\n\n<a rel=\"noopener noreferrer\" href=\"https:\/\/weber.org.es\/cursos\/wp-content\/uploads\/2023\/06\/Curso-Acceso-al-mercado-2023-V2.pdf\" target=\"_blank\" class=\"button primary is-underline is-smaller\"  >\n    <span>Descargar PDF<\/span>\n  <\/a>\n\n\t\t<\/div>\n\t\t\t\t\t<\/div>\n\n\t\n\n\t<div id=\"col-1692054287\" class=\"col medium-4 small-12 large-4\"  >\n\t\t\t\t<div class=\"col-inner\" style=\"background-color:rgba(71, 77, 164, 0.047);\" >\n\t\t\t\n\t\t\t\n\t<div class=\"box has-hover   has-hover box-shade dark box-text-bottom\" >\n\n\t\t<div class=\"box-image\" >\n\t\t\t<a href=\"https:\/\/weber.org.es\/cursos\/producto\/curso-evaluacion-del-impacto-social-y-economico-de-la-innovacion-en-salud\/\"  >\t\t\t<div class=\"image-cover\" style=\"padding-top:65%;\">\n\t\t\t\t<img loading=\"lazy\" decoding=\"async\" width=\"2560\" height=\"1706\" src=\"https:\/\/weber.org.es\/cursos\/wp-content\/uploads\/2023\/06\/AdobeStock_322230356-144-scaled.jpg\" class=\"attachment- size-\" alt=\"\" srcset=\"https:\/\/weber.org.es\/cursos\/wp-content\/uploads\/2023\/06\/AdobeStock_322230356-144-scaled.jpg 2560w, https:\/\/weber.org.es\/cursos\/wp-content\/uploads\/2023\/06\/AdobeStock_322230356-144-300x200.jpg 300w, https:\/\/weber.org.es\/cursos\/wp-content\/uploads\/2023\/06\/AdobeStock_322230356-144-1024x682.jpg 1024w, https:\/\/weber.org.es\/cursos\/wp-content\/uploads\/2023\/06\/AdobeStock_322230356-144-768x512.jpg 768w, https:\/\/weber.org.es\/cursos\/wp-content\/uploads\/2023\/06\/AdobeStock_322230356-144-1536x1024.jpg 1536w, https:\/\/weber.org.es\/cursos\/wp-content\/uploads\/2023\/06\/AdobeStock_322230356-144-2048x1365.jpg 2048w, https:\/\/weber.org.es\/cursos\/wp-content\/uploads\/2023\/06\/AdobeStock_322230356-144-510x340.jpg 510w\" sizes=\"auto, (max-width: 2560px) 100vw, 2560px\" \/>\t\t\t\t\t\t\t\t<div class=\"shade\"><\/div>\t\t\t<\/div>\n\t\t\t<\/a>\t\t<\/div>\n\n\t\t<div class=\"box-text show-on-hover hover-bounce text-left\" >\n\t\t\t<div class=\"box-text-inner\">\n\t\t\t\t\n\t\t\t<\/div>\n\t\t<\/div>\n\t<\/div>\n\t\n\t<div id=\"gap-832858210\" class=\"gap-element clearfix\" style=\"display:block; height:auto;\">\n\t\t\n<style>\n#gap-832858210 {\n  padding-top: 20px;\n}\n<\/style>\n\t<\/div>\n\t\n\t<div id=\"text-3683305492\" class=\"text\">\n\t\t\n<h4><span style=\"font-size: 100%;\"><a href=\"https:\/\/weber.org.es\/cursos\/producto\/curso-evaluacion-del-impacto-social-y-economico-de-la-innovacion-en-salud\/\">Evaluaci\u00f3n del impacto social y econ\u00f3mico de la innovaci\u00f3n en salud<\/a> <\/span><\/h4>\n\t\t\n<style>\n#text-3683305492 {\n  font-size: 1.1rem;\n}\n<\/style>\n\t<\/div>\n\t\n<div class=\"row row-collapse\"  id=\"row-1271160324\">\n\n\t<div id=\"col-1769094777\" class=\"col small-12 large-12\"  >\n\t\t\t\t<div class=\"col-inner\"  >\n\t\t\t\n\t\t\t\n\n\t\t<div class=\"icon-box featured-box icon-box-left text-left is-small\"  >\n\t\t\t\t\t<div class=\"icon-box-img\" style=\"width: 26px\">\n\t\t\t\t<div class=\"icon\">\n\t\t\t\t\t<div class=\"icon-inner\" >\n\t\t\t\t\t\t<img loading=\"lazy\" decoding=\"async\" width=\"300\" height=\"300\" src=\"https:\/\/weber.org.es\/cursos\/wp-content\/uploads\/2023\/06\/atras-en-el-tiempo-300x300.png\" class=\"attachment-medium size-medium\" alt=\"\" srcset=\"https:\/\/weber.org.es\/cursos\/wp-content\/uploads\/2023\/06\/atras-en-el-tiempo-300x300.png 300w, https:\/\/weber.org.es\/cursos\/wp-content\/uploads\/2023\/06\/atras-en-el-tiempo-150x150.png 150w, https:\/\/weber.org.es\/cursos\/wp-content\/uploads\/2023\/06\/atras-en-el-tiempo-510x510.png 510w, https:\/\/weber.org.es\/cursos\/wp-content\/uploads\/2023\/06\/atras-en-el-tiempo-100x100.png 100w, https:\/\/weber.org.es\/cursos\/wp-content\/uploads\/2023\/06\/atras-en-el-tiempo.png 512w\" sizes=\"auto, (max-width: 300px) 100vw, 300px\" \/>\t\t\t\t\t<\/div>\n\t\t\t\t<\/div>\n\t\t\t<\/div>\n\t\t\t\t<div class=\"icon-box-text last-reset\">\n\t\t\t\t\t\t\t\t\t\n\t<div id=\"text-1606675485\" class=\"text\">\n\t\t\n<p style=\"font-weight: bold;\">20 horas<\/p>\n\t\t\n<style>\n#text-1606675485 {\n  font-size: 1.05rem;\n  line-height: 1.8;\n  text-align: left;\n  color: rgb(0,0,0);\n}\n#text-1606675485 > * {\n  color: rgb(0,0,0);\n}\n<\/style>\n\t<\/div>\n\t\n\t\t<\/div>\n\t<\/div>\n\t\n\t\n\t\t<\/div>\n\t\t\t\t\t<\/div>\n\n\t\n<\/div>\n\t<div id=\"gap-2106393059\" class=\"gap-element clearfix\" style=\"display:block; height:auto;\">\n\t\t\n<style>\n#gap-2106393059 {\n  padding-top: 10px;\n}\n<\/style>\n\t<\/div>\n\t\n\t<div id=\"text-3662552466\" class=\"text\">\n\t\t\n<p>El objetivo general del curso es dotar a los alumnos de herramientas para poder dise\u00f1ar y realizar un an\u00e1lisis SROI, as\u00ed como interpretar los resultados del mismo.<br \/>\n\t\t\n<style>\n#text-3662552466 {\n  font-size: 0.95rem;\n}\n<\/style>\n\t<\/div>\n\t\n<a href=\"https:\/\/weber.org.es\/cursos\/producto\/curso-evaluacion-del-impacto-social-y-economico-de-la-innovacion-en-salud\/\" target=\"_self\" class=\"button primary\"  >\n    <span>Ver Curso<\/span>\n  <i class=\"icon-angle-right\" ><\/i><\/a>\n\n<a rel=\"noopener noreferrer\" href=\"https:\/\/weber.org.es\/cursos\/wp-content\/uploads\/2024\/04\/Curso-SROI-2023.pdf\" target=\"_blank\" class=\"button primary is-underline is-smaller\"  >\n    <span>Descargar PDF<\/span>\n  <\/a>\n\n\t\t<\/div>\n\t\t\t\t\t<\/div>\n\n\t\n\n\t<div id=\"col-1019274609\" class=\"col medium-4 small-12 large-4\"  >\n\t\t\t\t<div class=\"col-inner\" style=\"background-color:rgba(71, 77, 164, 0.047);\" >\n\t\t\t\n\t\t\t\n\t<div class=\"box has-hover   has-hover box-shade dark box-text-bottom\" >\n\n\t\t<div class=\"box-image\" >\n\t\t\t<a href=\"https:\/\/weber.org.es\/cursos\/producto\/curso-evaluacion-del-impacto-social-y-economico-de-la-innovacion-en-salud\/\"  >\t\t\t<div class=\"image-cover\" style=\"padding-top:65%;\">\n\t\t\t\t<img loading=\"lazy\" decoding=\"async\" width=\"542\" height=\"772\" src=\"https:\/\/weber.org.es\/cursos\/wp-content\/uploads\/2024\/08\/Captura-de-pantalla-2024-08-20-a-las-8.27.00.png\" class=\"attachment- size-\" alt=\"\" srcset=\"https:\/\/weber.org.es\/cursos\/wp-content\/uploads\/2024\/08\/Captura-de-pantalla-2024-08-20-a-las-8.27.00.png 542w, https:\/\/weber.org.es\/cursos\/wp-content\/uploads\/2024\/08\/Captura-de-pantalla-2024-08-20-a-las-8.27.00-211x300.png 211w, https:\/\/weber.org.es\/cursos\/wp-content\/uploads\/2024\/08\/Captura-de-pantalla-2024-08-20-a-las-8.27.00-510x726.png 510w\" sizes=\"auto, (max-width: 542px) 100vw, 542px\" \/>\t\t\t\t\t\t\t\t<div class=\"shade\"><\/div>\t\t\t<\/div>\n\t\t\t<\/a>\t\t<\/div>\n\n\t\t<div class=\"box-text show-on-hover hover-bounce text-left\" >\n\t\t\t<div class=\"box-text-inner\">\n\t\t\t\t\n\t\t\t<\/div>\n\t\t<\/div>\n\t<\/div>\n\t\n\t<div id=\"gap-546350851\" class=\"gap-element clearfix\" style=\"display:block; height:auto;\">\n\t\t\n<style>\n#gap-546350851 {\n  padding-top: 20px;\n}\n<\/style>\n\t<\/div>\n\t\n\t<div id=\"text-1803176237\" class=\"text\">\n\t\t\n<h4><a href=\"https:\/\/weber.org.es\/cursos\/producto\/curso-valor-del-medicamento-desde-una-perspectiva-social-en-argentina-y-en-paises-de-su-entorno-actualizacion-2024\">Curso valor del medicamento desde una perspectiva social en Argentina y en pa\u00edses de su entorno actualizaci\u00f3n 2024<\/a><\/h4>\n\t\t\n<style>\n#text-1803176237 {\n  font-size: 1.1rem;\n  color: #474da4;\n}\n#text-1803176237 > * {\n  color: #474da4;\n}\n<\/style>\n\t<\/div>\n\t\n<div class=\"row row-collapse\"  id=\"row-958396200\">\n\n\t<div id=\"col-150538354\" class=\"col small-12 large-12\"  >\n\t\t\t\t<div class=\"col-inner\"  >\n\t\t\t\n\t\t\t\n\n\t\t<div class=\"icon-box featured-box icon-box-left text-left is-small\"  >\n\t\t\t\t\t<div class=\"icon-box-img\" style=\"width: 26px\">\n\t\t\t\t<div class=\"icon\">\n\t\t\t\t\t<div class=\"icon-inner\" >\n\t\t\t\t\t\t<img loading=\"lazy\" decoding=\"async\" width=\"300\" height=\"300\" src=\"https:\/\/weber.org.es\/cursos\/wp-content\/uploads\/2023\/06\/atras-en-el-tiempo-300x300.png\" class=\"attachment-medium size-medium\" alt=\"\" srcset=\"https:\/\/weber.org.es\/cursos\/wp-content\/uploads\/2023\/06\/atras-en-el-tiempo-300x300.png 300w, https:\/\/weber.org.es\/cursos\/wp-content\/uploads\/2023\/06\/atras-en-el-tiempo-150x150.png 150w, https:\/\/weber.org.es\/cursos\/wp-content\/uploads\/2023\/06\/atras-en-el-tiempo-510x510.png 510w, https:\/\/weber.org.es\/cursos\/wp-content\/uploads\/2023\/06\/atras-en-el-tiempo-100x100.png 100w, https:\/\/weber.org.es\/cursos\/wp-content\/uploads\/2023\/06\/atras-en-el-tiempo.png 512w\" sizes=\"auto, (max-width: 300px) 100vw, 300px\" \/>\t\t\t\t\t<\/div>\n\t\t\t\t<\/div>\n\t\t\t<\/div>\n\t\t\t\t<div class=\"icon-box-text last-reset\">\n\t\t\t\t\t\t\t\t\t\n\t<div id=\"text-3119880947\" class=\"text\">\n\t\t\n<p style=\"font-weight: bold;\">20 horas<\/p>\n\t\t\n<style>\n#text-3119880947 {\n  font-size: 1.05rem;\n  line-height: 1.8;\n  text-align: left;\n  color: rgb(0,0,0);\n}\n#text-3119880947 > * {\n  color: rgb(0,0,0);\n}\n<\/style>\n\t<\/div>\n\t\n\t\t<\/div>\n\t<\/div>\n\t\n\t\n\t\t<\/div>\n\t\t\t\t\t<\/div>\n\n\t\n<\/div>\n\t<div id=\"gap-1397934071\" class=\"gap-element clearfix\" style=\"display:block; height:auto;\">\n\t\t\n<style>\n#gap-1397934071 {\n  padding-top: 10px;\n}\n<\/style>\n\t<\/div>\n\t\n\t<div id=\"text-1454998935\" class=\"text\">\n\t\t\n<p>El objetivo de este curso es arrojar luz sobre el valor que aportan los medicamentos en Argentina y pa\u00edses de su entorno desde una visi\u00f3n hol\u00edstica.<\/p>\n\t\t\n<style>\n#text-1454998935 {\n  font-size: 0.95rem;\n}\n<\/style>\n\t<\/div>\n\t\n<a href=\"https:\/\/weber.org.es\/cursos\/producto\/curso-valor-del-medicamento-desde-una-perspectiva-social-en-argentina-y-en-paises-de-su-entorno-actualizacion-2024\" target=\"_self\" class=\"button primary\"  >\n    <span>Ver Curso<\/span>\n  <i class=\"icon-angle-right\" ><\/i><\/a>\n\n\t\t<\/div>\n\t\t\t\t\t<\/div>\n\n\t\n\n<style>\n#row-1159798544 > .col > .col-inner {\n  padding: 15px 15px 15px 15px;\n  background-color: rgb(250, 250, 250);\n}\n<\/style>\n<\/div>\n\t<div id=\"gap-954610666\" class=\"gap-element clearfix\" style=\"display:block; height:auto;\">\n\t\t\n<style>\n#gap-954610666 {\n  padding-top: 80px;\n}\n<\/style>\n\t<\/div>\n\t\n\t\t<\/div>\n\n\t\t\n<style>\n#section_1117801193 {\n  padding-top: 20px;\n  padding-bottom: 20px;\n}\n@media (min-width:550px) {\n  #section_1117801193 {\n    padding-top: 60px;\n    padding-bottom: 60px;\n  }\n}\n@media (min-width:850px) {\n  #section_1117801193 {\n    padding-top: 30px;\n    padding-bottom: 30px;\n  }\n}\n<\/style>\n\t<\/section>\n\t\n","protected":false},"excerpt":{"rendered":"","protected":false},"author":3,"featured_media":0,"parent":0,"menu_order":0,"comment_status":"closed","ping_status":"closed","template":"page-blank.php","meta":{"_acf_changed":false,"footnotes":""},"class_list":["post-56","page","type-page","status-publish","hentry"],"acf":[],"_links":{"self":[{"href":"https:\/\/weber.org.es\/cursos\/wp-json\/wp\/v2\/pages\/56","targetHints":{"allow":["GET"]}}],"collection":[{"href":"https:\/\/weber.org.es\/cursos\/wp-json\/wp\/v2\/pages"}],"about":[{"href":"https:\/\/weber.org.es\/cursos\/wp-json\/wp\/v2\/types\/page"}],"author":[{"embeddable":true,"href":"https:\/\/weber.org.es\/cursos\/wp-json\/wp\/v2\/users\/3"}],"replies":[{"embeddable":true,"href":"https:\/\/weber.org.es\/cursos\/wp-json\/wp\/v2\/comments?post=56"}],"version-history":[{"count":91,"href":"https:\/\/weber.org.es\/cursos\/wp-json\/wp\/v2\/pages\/56\/revisions"}],"predecessor-version":[{"id":997,"href":"https:\/\/weber.org.es\/cursos\/wp-json\/wp\/v2\/pages\/56\/revisions\/997"}],"wp:attachment":[{"href":"https:\/\/weber.org.es\/cursos\/wp-json\/wp\/v2\/media?parent=56"}],"curies":[{"name":"wp","href":"https:\/\/api.w.org\/{rel}","templated":true}]}}