{"id":891,"date":"2023-06-06T10:43:11","date_gmt":"2023-06-06T10:43:11","guid":{"rendered":"https:\/\/weber.org.es\/cursos\/?post_type=product&#038;p=891"},"modified":"2023-06-12T08:24:53","modified_gmt":"2023-06-12T08:24:53","slug":"curso-evaluacion-del-impacto-social-y-economico-de-la-innovacion-en-salud","status":"publish","type":"product","link":"https:\/\/weber.org.es\/cursos\/producto\/curso-evaluacion-del-impacto-social-y-economico-de-la-innovacion-en-salud\/","title":{"rendered":"Curso Evaluaci\u00f3n del impacto social y econ\u00f3mico de la innovaci\u00f3n en Salud"},"content":{"rendered":"","protected":false},"excerpt":{"rendered":"","protected":false},"featured_media":875,"template":"","meta":{"_acf_changed":false},"product_cat":[17],"product_tag":[],"class_list":["post-891","product","type-product","status-publish","has-post-thumbnail","hentry","product_cat-online-de-los-masteres","wcpa_has_options"],"acf":[],"wcpa_form_fields":{"rules":{"pric_overide_base_price":false,"pric_overide_base_price_if_gt_zero":false,"pric_cal_option_once":false,"pric_use_as_fee":false,"bind_quantity":false,"quantity_bind_formula":false},"fields":[{"type":"text","required":true,"elementId":"wcpa-text-1629210230057","label":"","placeholder":"Nombre y Apellido","pricingType":"fixed","className":"form-control","name":"text-1629210230057","subtype":"text","maxlength":"255","cl_rule":"show","col":"3","relations":false,"form_id":26,"form_rules":{"pric_cal_option_once":false,"exclude_from_discount":false,"pric_use_as_fee":false,"fee_label":"Fee","render_after_acb":false,"disp_hide_options_price":false}},{"type":"text","required":true,"elementId":"wcpa-text-1629216838080","label":"","placeholder":"Tel\u00e9fono","pricingType":"fixed","name":"text-1629216838080","subtype":"text","cl_rule":"show","col":"3","relations":false,"form_id":26,"form_rules":{"pric_cal_option_once":false,"exclude_from_discount":false,"pric_use_as_fee":false,"fee_label":"Fee","render_after_acb":false,"disp_hide_options_price":false}},{"type":"text","required":true,"elementId":"wcpa-text-1629216798939","label":"","placeholder":"Email","pricingType":"fixed","name":"billing_email","subtype":"text","cl_rule":"show","col":"3","relations":false,"form_id":26,"form_rules":{"pric_cal_option_once":false,"exclude_from_discount":false,"pric_use_as_fee":false,"fee_label":"Fee","render_after_acb":false,"disp_hide_options_price":false}},{"type":"text","required":true,"elementId":"wcpa-text-1629216766175","label":"","placeholder":"Provincia\/Pais","pricingType":"fixed","name":"text-1629216766175","hideFieldIn_cart":true,"subtype":"text","cl_rule":"show","col":"3","relations":false,"form_id":26,"form_rules":{"pric_cal_option_once":false,"exclude_from_discount":false,"pric_use_as_fee":false,"fee_label":"Fee","render_after_acb":false,"disp_hide_options_price":false}},{"type":"text","required":true,"elementId":"wcpa-text-1629216713156","label":"","placeholder":"Direcci\u00f3n","pricingType":"fixed","name":"text-1629216713156","hideFieldIn_cart":true,"subtype":"text","cl_rule":"show","col":"3","relations":false,"form_id":26,"form_rules":{"pric_cal_option_once":false,"exclude_from_discount":false,"pric_use_as_fee":false,"fee_label":"Fee","render_after_acb":false,"disp_hide_options_price":false}},{"type":"text","required":true,"elementId":"wcpa-text-1629216735734","label":"","placeholder":"Localidad","pricingType":"fixed","name":"text-1629216735734","hideFieldIn_cart":true,"subtype":"text","cl_rule":"show","col":"3","relations":false,"form_id":26,"form_rules":{"pric_cal_option_once":false,"exclude_from_discount":false,"pric_use_as_fee":false,"fee_label":"Fee","render_after_acb":false,"disp_hide_options_price":false}},{"type":"text","required":true,"elementId":"wcpa-text-1629216795284","label":"","placeholder":"C\u00f3digo Postal","pricingType":"fixed","name":"text-1629216795284","hideFieldIn_cart":true,"subtype":"text","cl_rule":"show","col":"3","relations":false,"form_id":26,"form_rules":{"pric_cal_option_once":false,"exclude_from_discount":false,"pric_use_as_fee":false,"fee_label":"Fee","render_after_acb":false,"disp_hide_options_price":false}},{"type":"text","elementId":"wcpa-text-1629216889449","label":"","placeholder":"Centro de trabajo","pricingType":"fixed","name":"text-1629216889449","hideFieldIn_cart":true,"subtype":"text","cl_rule":"show","col":"3","relations":false,"form_id":26,"form_rules":{"pric_cal_option_once":false,"exclude_from_discount":false,"pric_use_as_fee":false,"fee_label":"Fee","render_after_acb":false,"disp_hide_options_price":false}},{"type":"textarea","elementId":"wcpa-textarea-1629216946265","label":"","placeholder":"\u00bfC\u00f3mo nos ha conocido?","pricingType":"fixed","name":"textarea-1629216946265","hideFieldIn_cart":true,"cl_rule":"show","col":6,"relations":false,"form_id":26,"form_rules":{"pric_cal_option_once":false,"exclude_from_discount":false,"pric_use_as_fee":false,"fee_label":"Fee","render_after_acb":false,"disp_hide_options_price":false}}]},"_links":{"self":[{"href":"https:\/\/weber.org.es\/cursos\/wp-json\/wp\/v2\/product\/891","targetHints":{"allow":["GET"]}}],"collection":[{"href":"https:\/\/weber.org.es\/cursos\/wp-json\/wp\/v2\/product"}],"about":[{"href":"https:\/\/weber.org.es\/cursos\/wp-json\/wp\/v2\/types\/product"}],"wp:featuredmedia":[{"embeddable":true,"href":"https:\/\/weber.org.es\/cursos\/wp-json\/wp\/v2\/media\/875"}],"wp:attachment":[{"href":"https:\/\/weber.org.es\/cursos\/wp-json\/wp\/v2\/media?parent=891"}],"wp:term":[{"taxonomy":"product_cat","embeddable":true,"href":"https:\/\/weber.org.es\/cursos\/wp-json\/wp\/v2\/product_cat?post=891"},{"taxonomy":"product_tag","embeddable":true,"href":"https:\/\/weber.org.es\/cursos\/wp-json\/wp\/v2\/product_tag?post=891"}],"curies":[{"name":"wp","href":"https:\/\/api.w.org\/{rel}","templated":true}]}}